{"id":11866,"date":"2020-01-17T16:31:08","date_gmt":"2020-01-17T16:31:08","guid":{"rendered":"https:\/\/sites-stage.familylife.com\/arte-de-ser-padres\/?page_id=11866"},"modified":"2020-01-17T16:31:08","modified_gmt":"2020-01-17T16:31:08","slug":"aop-quiz","status":"publish","type":"page","link":"https:\/\/www.vidaenfamilia.org\/ser-padres\/aop-quiz\/","title":{"rendered":"AOP Quiz"},"content":{"rendered":"\t\t<div data-elementor-type=\"wp-page\" data-elementor-id=\"11866\" class=\"elementor elementor-11866\" data-elementor-post-type=\"page\">\n\t\t\t\t\t\t<section data-particle_enable=\"false\" data-particle-mobile-disabled=\"false\" class=\"elementor-section elementor-top-section elementor-element elementor-element-41d6577 elementor-section-boxed elementor-section-height-default elementor-section-height-default\" data-id=\"41d6577\" data-element_type=\"section\">\n\t\t\t\t\t\t<div class=\"elementor-container elementor-column-gap-default\">\n\t\t\t\t\t<div class=\"elementor-column elementor-col-100 elementor-top-column elementor-element elementor-element-20184a9\" data-id=\"20184a9\" data-element_type=\"column\">\n\t\t\t<div class=\"elementor-widget-wrap elementor-element-populated\">\n\t\t\t\t\t\t<div class=\"elementor-element elementor-element-2578424 elementor-widget elementor-widget-text-editor\" data-id=\"2578424\" data-element_type=\"widget\" data-widget_type=\"text-editor.default\">\n\t\t\t\t<div class=\"elementor-widget-container\">\n\t\t\t\t\t\t\t\t\t<p><div class=\"familylife-quiz\">\n    <div class=\"familylife-question-answers-column-heading\">\n        <span class=\"answer-no-column answer-column\">No<\/span>\n        <span class=\"answer-yes-column answer-column\">Yes<\/span>\n        <span class=\"familylife-answer-text\"><\/span>\n    <\/div>\n            <div class=\"familylife-quiz-question\">\n            <div class=\"familylife-quiz-answer\">\n                <span data-answer=\"no\" class=\"answer-no-column answer-column\"><input type=\"radio\" class=\"quiz-answer-no\" name=\"question-0\"><\/span>\n                <span data-answer=\"yes\" class=\"answer-yes-column answer-column\"><input type=\"radio\" class=\"quiz-answer-yes\" name=\"question-0\"><\/span>\n                <span class=\"familylife-answer-text\">\u00bfTe sientes resentido por la relaci\u00f3n de los hijos con tu c\u00f3nyuge?<\/span>\n            <\/div>\n        <\/div>\n            <div class=\"familylife-quiz-question\">\n            <div class=\"familylife-quiz-answer\">\n                <span data-answer=\"no\" class=\"answer-no-column answer-column\"><input type=\"radio\" class=\"quiz-answer-no\" name=\"question-1\"><\/span>\n                <span data-answer=\"yes\" class=\"answer-yes-column answer-column\"><input type=\"radio\" class=\"quiz-answer-yes\" name=\"question-1\"><\/span>\n                <span class=\"familylife-answer-text\">\u00bfSientes que la familia toma todas las decisiones en base a la comodidad del ni\u00f1o?<\/span>\n            <\/div>\n        <\/div>\n            <div class=\"familylife-quiz-question\">\n            <div class=\"familylife-quiz-answer\">\n                <span data-answer=\"no\" class=\"answer-no-column answer-column\"><input type=\"radio\" class=\"quiz-answer-no\" name=\"question-2\"><\/span>\n                <span data-answer=\"yes\" class=\"answer-yes-column answer-column\"><input type=\"radio\" class=\"quiz-answer-yes\" name=\"question-2\"><\/span>\n                <span class=\"familylife-answer-text\">\u00bfTe es dif\u00edcil estar separado de tu hijo?<\/span>\n            <\/div>\n        <\/div>\n            <div class=\"familylife-quiz-question\">\n            <div class=\"familylife-quiz-answer\">\n                <span data-answer=\"no\" class=\"answer-no-column answer-column\"><input type=\"radio\" class=\"quiz-answer-no\" name=\"question-3\"><\/span>\n                <span data-answer=\"yes\" class=\"answer-yes-column answer-column\"><input type=\"radio\" class=\"quiz-answer-yes\" name=\"question-3\"><\/span>\n                <span class=\"familylife-answer-text\">\u00bfLes resulta dif\u00edcil reservar tiempo para una cita matrimonial debido al horario del ni\u00f1o?<\/span>\n            <\/div>\n        <\/div>\n            <div class=\"familylife-quiz-question\">\n            <div class=\"familylife-quiz-answer\">\n                <span data-answer=\"no\" class=\"answer-no-column answer-column\"><input type=\"radio\" class=\"quiz-answer-no\" name=\"question-4\"><\/span>\n                <span data-answer=\"yes\" class=\"answer-yes-column answer-column\"><input type=\"radio\" class=\"quiz-answer-yes\" name=\"question-4\"><\/span>\n                <span class=\"familylife-answer-text\">\u00bfSientes que cada conversaci\u00f3n con tu c\u00f3nyuge es acerca del ni\u00f1o y no acerca de su relaci\u00f3n matrimonial o sus necesidades individuales?<\/span>\n            <\/div>\n        <\/div>\n            <div class=\"familylife-quiz-question\">\n            <div class=\"familylife-quiz-answer\">\n                <span data-answer=\"no\" class=\"answer-no-column answer-column\"><input type=\"radio\" class=\"quiz-answer-no\" name=\"question-5\"><\/span>\n                <span data-answer=\"yes\" class=\"answer-yes-column answer-column\"><input type=\"radio\" class=\"quiz-answer-yes\" name=\"question-5\"><\/span>\n                <span class=\"familylife-answer-text\">\u00bfSientes que tus necesidades relacionales se est\u00e1n descuidando porque tu c\u00f3nyuge le presta m\u00e1s atenci\u00f3n al ni\u00f1o?<\/span>\n            <\/div>\n        <\/div>\n            <div class=\"familylife-quiz-question\">\n            <div class=\"familylife-quiz-answer\">\n                <span data-answer=\"no\" class=\"answer-no-column answer-column\"><input type=\"radio\" class=\"quiz-answer-no\" name=\"question-6\"><\/span>\n                <span data-answer=\"yes\" class=\"answer-yes-column answer-column\"><input type=\"radio\" class=\"quiz-answer-yes\" name=\"question-6\"><\/span>\n                <span class=\"familylife-answer-text\">\u00bfAsignas responsabilidades a los hijos pero resulta que t\u00fa o tu c\u00f3nyuge terminan cumpli\u00e9ndolos ustedes mismos? (Tareas apropiadas para la edad del ni\u00f1o, etc.)<\/span>\n            <\/div>\n        <\/div>\n            <div class=\"familylife-quiz-question\">\n            <div class=\"familylife-quiz-answer\">\n                <span data-answer=\"no\" class=\"answer-no-column answer-column\"><input type=\"radio\" class=\"quiz-answer-no\" name=\"question-7\"><\/span>\n                <span data-answer=\"yes\" class=\"answer-yes-column answer-column\"><input type=\"radio\" class=\"quiz-answer-yes\" name=\"question-7\"><\/span>\n                <span class=\"familylife-answer-text\">\u00bfTe sientes solo, a pesar de un hogar animado y un ni\u00f1o que te ama?<\/span>\n            <\/div>\n        <\/div>\n            <div class=\"familylife-quiz-question\">\n            <div class=\"familylife-quiz-answer\">\n                <span data-answer=\"no\" class=\"answer-no-column answer-column\"><input type=\"radio\" class=\"quiz-answer-no\" name=\"question-8\"><\/span>\n                <span data-answer=\"yes\" class=\"answer-yes-column answer-column\"><input type=\"radio\" class=\"quiz-answer-yes\" name=\"question-8\"><\/span>\n                <span class=\"familylife-answer-text\">\u00bfLas razones para no tener intimidad con tu c\u00f3nyuge involucran a los hijos? (por ejemplo, duermen en tu habitaci\u00f3n)<\/span>\n            <\/div>\n        <\/div>\n            <div class=\"familylife-quiz-question\">\n            <div class=\"familylife-quiz-answer\">\n                <span data-answer=\"no\" class=\"answer-no-column answer-column\"><input type=\"radio\" class=\"quiz-answer-no\" name=\"question-9\"><\/span>\n                <span data-answer=\"yes\" class=\"answer-yes-column answer-column\"><input type=\"radio\" class=\"quiz-answer-yes\" name=\"question-9\"><\/span>\n                <span class=\"familylife-answer-text\">\u00bfConsideras que tu hijo es un amigo m\u00e1s cercano que tu c\u00f3nyuge?<\/span>\n            <\/div>\n        <\/div>\n        <div class=\"familylife-quiz-footer\">\n        <div class=\"familylife-quiz-incomplete\">Please make sure you&#8217;ve answered all the questions above.<\/div>\n        <button class=\"submit-quiz-results\">Submit Quiz<\/button>\n        <div class=\"familylife-quiz-results\">\n                        <div class=\"quiz-results-image\">\n                <div class=\"quiz-results-score\"><span><\/span><\/div>\n                <img decoding=\"async\" src=\"https:\/\/www.vidaenfamilia.org\/ser-padres\/wp-content\/plugins\/familylife-spanish-quiz\/assets\/images\/scale.png\" alt=\"\">\n            <\/div>\n        <\/div>\n    <\/div>\n\n<\/div><\/p>\t\t\t\t\t\t\t\t<\/div>\n\t\t\t\t<\/div>\n\t\t\t\t\t<\/div>\n\t\t<\/div>\n\t\t\t\t\t<\/div>\n\t\t<\/section>\n\t\t\t\t<\/div>\n\t\t","protected":false},"excerpt":{"rendered":"","protected":false},"author":57,"featured_media":0,"parent":0,"menu_order":0,"comment_status":"closed","ping_status":"closed","template":"","meta":{"_acf_changed":false,"inline_featured_image":false,"fl_requires_login":false,"footnotes":""},"class_list":["post-11866","page","type-page","status-publish","hentry"],"acf":[],"yoast_head":"<!-- This site is optimized with the Yoast SEO Premium plugin v18.3 (Yoast SEO v26.7) - https:\/\/yoast.com\/wordpress\/plugins\/seo\/ -->\n<title>AOP Quiz - El Arte de Ser Padres<\/title>\n<meta name=\"robots\" content=\"index, follow, max-snippet:-1, max-image-preview:large, max-video-preview:-1\" \/>\n<link rel=\"canonical\" href=\"https:\/\/www.vidaenfamilia.org\/ser-padres\/aop-quiz\/\" \/>\n<meta property=\"og:locale\" content=\"es_ES\" \/>\n<meta property=\"og:type\" content=\"article\" \/>\n<meta property=\"og:title\" content=\"AOP Quiz\" \/>\n<meta property=\"og:url\" content=\"https:\/\/www.vidaenfamilia.org\/ser-padres\/aop-quiz\/\" \/>\n<meta property=\"og:site_name\" content=\"El Arte de Ser Padres\" \/>\n<meta property=\"article:publisher\" content=\"https:\/\/www.facebook.com\/FamilyLifeEspanol\/\" \/>\n<meta name=\"twitter:card\" content=\"summary_large_image\" \/>\n<script type=\"application\/ld+json\" class=\"yoast-schema-graph\">{\"@context\":\"https:\/\/schema.org\",\"@graph\":[{\"@type\":\"WebPage\",\"@id\":\"https:\/\/www.vidaenfamilia.org\/ser-padres\/aop-quiz\/\",\"url\":\"https:\/\/www.vidaenfamilia.org\/ser-padres\/aop-quiz\/\",\"name\":\"AOP Quiz - El Arte de Ser Padres\",\"isPartOf\":{\"@id\":\"https:\/\/www.vidaenfamilia.org\/ser-padres\/#website\"},\"datePublished\":\"2020-01-17T16:31:08+00:00\",\"breadcrumb\":{\"@id\":\"https:\/\/www.vidaenfamilia.org\/ser-padres\/aop-quiz\/#breadcrumb\"},\"inLanguage\":\"es\",\"potentialAction\":[{\"@type\":\"ReadAction\",\"target\":[\"https:\/\/www.vidaenfamilia.org\/ser-padres\/aop-quiz\/\"]}]},{\"@type\":\"BreadcrumbList\",\"@id\":\"https:\/\/www.vidaenfamilia.org\/ser-padres\/aop-quiz\/#breadcrumb\",\"itemListElement\":[{\"@type\":\"ListItem\",\"position\":1,\"name\":\"Home\",\"item\":\"https:\/\/www.vidaenfamilia.org\/ser-padres\/\"},{\"@type\":\"ListItem\",\"position\":2,\"name\":\"AOP Quiz\"}]},{\"@type\":\"WebSite\",\"@id\":\"https:\/\/www.vidaenfamilia.org\/ser-padres\/#website\",\"url\":\"https:\/\/www.vidaenfamilia.org\/ser-padres\/\",\"name\":\"El Arte de Ser Padres\",\"description\":\"Just another FamilyLife Sites site\",\"publisher\":{\"@id\":\"https:\/\/www.vidaenfamilia.org\/ser-padres\/#organization\"},\"potentialAction\":[{\"@type\":\"SearchAction\",\"target\":{\"@type\":\"EntryPoint\",\"urlTemplate\":\"https:\/\/www.vidaenfamilia.org\/ser-padres\/?s={search_term_string}\"},\"query-input\":{\"@type\":\"PropertyValueSpecification\",\"valueRequired\":true,\"valueName\":\"search_term_string\"}}],\"inLanguage\":\"es\"},{\"@type\":\"Organization\",\"@id\":\"https:\/\/www.vidaenfamilia.org\/ser-padres\/#organization\",\"name\":\"Vida en Familia\",\"url\":\"https:\/\/www.vidaenfamilia.org\/ser-padres\/\",\"logo\":{\"@type\":\"ImageObject\",\"inLanguage\":\"es\",\"@id\":\"https:\/\/www.vidaenfamilia.org\/ser-padres\/#\/schema\/logo\/image\/\",\"url\":\"https:\/\/www.vidaenfamilia.org\/ser-padres\/wp-content\/uploads\/sites\/256\/2019\/09\/AOP_Logo.png\",\"contentUrl\":\"https:\/\/www.vidaenfamilia.org\/ser-padres\/wp-content\/uploads\/sites\/256\/2019\/09\/AOP_Logo.png\",\"width\":2096,\"height\":606,\"caption\":\"Vida en Familia\"},\"image\":{\"@id\":\"https:\/\/www.vidaenfamilia.org\/ser-padres\/#\/schema\/logo\/image\/\"},\"sameAs\":[\"https:\/\/www.facebook.com\/FamilyLifeEspanol\/\",\"https:\/\/www.youtube.com\/channel\/UCbSaVUomQ-OO21t-OieGOMQ\"]}]}<\/script>\n<!-- \/ Yoast SEO Premium plugin. -->","yoast_head_json":{"title":"AOP Quiz - El Arte de Ser Padres","robots":{"index":"index","follow":"follow","max-snippet":"max-snippet:-1","max-image-preview":"max-image-preview:large","max-video-preview":"max-video-preview:-1"},"canonical":"https:\/\/www.vidaenfamilia.org\/ser-padres\/aop-quiz\/","og_locale":"es_ES","og_type":"article","og_title":"AOP Quiz","og_url":"https:\/\/www.vidaenfamilia.org\/ser-padres\/aop-quiz\/","og_site_name":"El Arte de Ser Padres","article_publisher":"https:\/\/www.facebook.com\/FamilyLifeEspanol\/","twitter_card":"summary_large_image","schema":{"@context":"https:\/\/schema.org","@graph":[{"@type":"WebPage","@id":"https:\/\/www.vidaenfamilia.org\/ser-padres\/aop-quiz\/","url":"https:\/\/www.vidaenfamilia.org\/ser-padres\/aop-quiz\/","name":"AOP Quiz - El Arte de Ser Padres","isPartOf":{"@id":"https:\/\/www.vidaenfamilia.org\/ser-padres\/#website"},"datePublished":"2020-01-17T16:31:08+00:00","breadcrumb":{"@id":"https:\/\/www.vidaenfamilia.org\/ser-padres\/aop-quiz\/#breadcrumb"},"inLanguage":"es","potentialAction":[{"@type":"ReadAction","target":["https:\/\/www.vidaenfamilia.org\/ser-padres\/aop-quiz\/"]}]},{"@type":"BreadcrumbList","@id":"https:\/\/www.vidaenfamilia.org\/ser-padres\/aop-quiz\/#breadcrumb","itemListElement":[{"@type":"ListItem","position":1,"name":"Home","item":"https:\/\/www.vidaenfamilia.org\/ser-padres\/"},{"@type":"ListItem","position":2,"name":"AOP Quiz"}]},{"@type":"WebSite","@id":"https:\/\/www.vidaenfamilia.org\/ser-padres\/#website","url":"https:\/\/www.vidaenfamilia.org\/ser-padres\/","name":"El Arte de Ser Padres","description":"Just another FamilyLife Sites site","publisher":{"@id":"https:\/\/www.vidaenfamilia.org\/ser-padres\/#organization"},"potentialAction":[{"@type":"SearchAction","target":{"@type":"EntryPoint","urlTemplate":"https:\/\/www.vidaenfamilia.org\/ser-padres\/?s={search_term_string}"},"query-input":{"@type":"PropertyValueSpecification","valueRequired":true,"valueName":"search_term_string"}}],"inLanguage":"es"},{"@type":"Organization","@id":"https:\/\/www.vidaenfamilia.org\/ser-padres\/#organization","name":"Vida en Familia","url":"https:\/\/www.vidaenfamilia.org\/ser-padres\/","logo":{"@type":"ImageObject","inLanguage":"es","@id":"https:\/\/www.vidaenfamilia.org\/ser-padres\/#\/schema\/logo\/image\/","url":"https:\/\/www.vidaenfamilia.org\/ser-padres\/wp-content\/uploads\/sites\/256\/2019\/09\/AOP_Logo.png","contentUrl":"https:\/\/www.vidaenfamilia.org\/ser-padres\/wp-content\/uploads\/sites\/256\/2019\/09\/AOP_Logo.png","width":2096,"height":606,"caption":"Vida en Familia"},"image":{"@id":"https:\/\/www.vidaenfamilia.org\/ser-padres\/#\/schema\/logo\/image\/"},"sameAs":["https:\/\/www.facebook.com\/FamilyLifeEspanol\/","https:\/\/www.youtube.com\/channel\/UCbSaVUomQ-OO21t-OieGOMQ"]}]}},"meta_box":{"_cloudsearch_visibility":""},"_links":{"self":[{"href":"https:\/\/www.vidaenfamilia.org\/ser-padres\/wp-json\/wp\/v2\/pages\/11866","targetHints":{"allow":["GET"]}}],"collection":[{"href":"https:\/\/www.vidaenfamilia.org\/ser-padres\/wp-json\/wp\/v2\/pages"}],"about":[{"href":"https:\/\/www.vidaenfamilia.org\/ser-padres\/wp-json\/wp\/v2\/types\/page"}],"author":[{"embeddable":true,"href":"https:\/\/www.vidaenfamilia.org\/ser-padres\/wp-json\/wp\/v2\/users\/57"}],"replies":[{"embeddable":true,"href":"https:\/\/www.vidaenfamilia.org\/ser-padres\/wp-json\/wp\/v2\/comments?post=11866"}],"version-history":[{"count":0,"href":"https:\/\/www.vidaenfamilia.org\/ser-padres\/wp-json\/wp\/v2\/pages\/11866\/revisions"}],"wp:attachment":[{"href":"https:\/\/www.vidaenfamilia.org\/ser-padres\/wp-json\/wp\/v2\/media?parent=11866"}],"curies":[{"name":"wp","href":"https:\/\/api.w.org\/{rel}","templated":true}]}}